{"id":13577,"date":"2026-03-21T16:41:24","date_gmt":"2026-03-21T19:41:24","guid":{"rendered":"https:\/\/adamalmeida.com.br\/adv\/?page_id=13577"},"modified":"2026-03-30T13:01:34","modified_gmt":"2026-03-30T16:01:34","slug":"portfolio","status":"publish","type":"page","link":"https:\/\/adamalmeida.com.br\/adv\/portfolio\/","title":{"rendered":"Casos de Estudo"},"content":{"rendered":"\t\t<div data-elementor-type=\"wp-page\" data-elementor-id=\"13577\" class=\"elementor elementor-13577\" data-elementor-post-type=\"page\">\n\t\t\t\t<div class=\"elementor-element elementor-element-e437b9e e-con-full e-flex rt-parallax-bg-no wpr-particle-no wpr-jarallax-no wpr-parallax-no wpr-sticky-section-no e-con e-parent\" data-id=\"e437b9e\" data-element_type=\"container\" data-e-type=\"container\">\n\t\t<div class=\"elementor-element elementor-element-de8a55a e-con-full e-flex rt-parallax-bg-no wpr-particle-no wpr-jarallax-no wpr-parallax-no wpr-sticky-section-no e-con e-child\" data-id=\"de8a55a\" data-element_type=\"container\" data-e-type=\"container\">\n\t\t\t\t<div class=\"elementor-element elementor-element-8a8af53 elementor-widget elementor-widget-jet-listing-grid\" data-id=\"8a8af53\" data-element_type=\"widget\" data-e-type=\"widget\" id=\"grid-cases\" data-settings=\"{&quot;columns&quot;:&quot;1&quot;}\" data-widget_type=\"jet-listing-grid.default\">\n\t\t\t\t\t<div class=\"jet-listing-grid jet-listing\"><div class=\"jet-listing-grid__items grid-col-desk-1 grid-col-tablet-1 grid-col-mobile-1 jet-listing-grid--13460 jet-listing-grid__masonry\" data-masonry-grid-options=\"{&quot;columns&quot;:{&quot;desktop&quot;:1,&quot;tablet&quot;:1,&quot;mobile&quot;:1}}\" data-queried-id=\"13577|WP_Post\" data-nav=\"{&quot;enabled&quot;:true,&quot;type&quot;:&quot;scroll&quot;,&quot;more_el&quot;:null,&quot;query&quot;:{&quot;post_status&quot;:[&quot;publish&quot;],&quot;post_type&quot;:&quot;casos-de-estudo&quot;,&quot;posts_per_page&quot;:&quot;10&quot;,&quot;paged&quot;:&quot;1&quot;,&quot;ignore_sticky_posts&quot;:&quot;1&quot;,&quot;suppress_filters&quot;:false,&quot;jet_smart_filters&quot;:&quot;jet-engine\\\/grid-cases&quot;,&quot;signature&quot;:&quot;d117f3ca2ecbc1729b9a2d880297e8555051b18b8984cf4964b79af588d1f284&quot;},&quot;widget_settings&quot;:{&quot;lisitng_id&quot;:13460,&quot;posts_num&quot;:10,&quot;columns&quot;:1,&quot;columns_tablet&quot;:1,&quot;columns_mobile&quot;:1,&quot;column_min_width&quot;:240,&quot;column_min_width_tablet&quot;:240,&quot;column_min_width_mobile&quot;:240,&quot;inline_columns_css&quot;:false,&quot;is_archive_template&quot;:&quot;&quot;,&quot;post_status&quot;:[&quot;publish&quot;],&quot;use_random_posts_num&quot;:&quot;&quot;,&quot;max_posts_num&quot;:9,&quot;not_found_message&quot;:&quot;Desculpe, n\\u00e3o encontramos este projeto em nossos casos.&quot;,&quot;is_masonry&quot;:true,&quot;equal_columns_height&quot;:&quot;&quot;,&quot;use_load_more&quot;:&quot;yes&quot;,&quot;load_more_id&quot;:&quot;&quot;,&quot;load_more_type&quot;:&quot;scroll&quot;,&quot;load_more_offset&quot;:{&quot;unit&quot;:&quot;px&quot;,&quot;size&quot;:0,&quot;sizes&quot;:[]},&quot;use_custom_post_types&quot;:&quot;&quot;,&quot;custom_post_types&quot;:[],&quot;hide_widget_if&quot;:&quot;&quot;,&quot;carousel_enabled&quot;:&quot;&quot;,&quot;slides_to_scroll&quot;:&quot;1&quot;,&quot;arrows&quot;:&quot;true&quot;,&quot;arrow_icon&quot;:&quot;fa fa-angle-left&quot;,&quot;dots&quot;:&quot;&quot;,&quot;autoplay&quot;:&quot;true&quot;,&quot;pause_on_hover&quot;:&quot;true&quot;,&quot;autoplay_speed&quot;:5000,&quot;infinite&quot;:&quot;true&quot;,&quot;center_mode&quot;:&quot;&quot;,&quot;effect&quot;:&quot;slide&quot;,&quot;speed&quot;:500,&quot;inject_alternative_items&quot;:&quot;&quot;,&quot;injection_items&quot;:[],&quot;scroll_slider_enabled&quot;:&quot;&quot;,&quot;scroll_slider_on&quot;:[&quot;desktop&quot;,&quot;tablet&quot;,&quot;mobile&quot;],&quot;custom_query&quot;:false,&quot;custom_query_id&quot;:&quot;&quot;,&quot;_element_id&quot;:&quot;grid-cases&quot;,&quot;collapse_first_last_gap&quot;:false,&quot;list_tag_selection&quot;:&quot;&quot;,&quot;list_items_wrapper_tag&quot;:&quot;div&quot;,&quot;list_item_tag&quot;:&quot;div&quot;,&quot;empty_items_wrapper_tag&quot;:&quot;div&quot;}}\" data-page=\"1\" data-pages=\"1\" data-listing-source=\"posts\" data-listing-id=\"13460\" data-query-id=\"\"><div class=\"jet-listing-grid__item jet-listing-dynamic-post-14024\" data-post-id=\"14024\"  ><style type=\"text\/css\">.jet-listing-dynamic-post-14024 .elementor-element.elementor-element-1e5e12f:not(.elementor-motion-effects-element-type-background), .jet-listing-dynamic-post-14024 .elementor-element.elementor-element-1e5e12f > .elementor-motion-effects-container > .elementor-motion-effects-layer{background-image:url(\"https:\/\/adamalmeida.com.br\/adv\/wp-content\/uploads\/2025\/11\/project-18.jpg\");}<\/style><div class=\"jet-engine-listing-overlay-wrap\" data-url=\"https:\/\/adamalmeida.com.br\/adv\/casos-de-estudo\/caso-de-estudo-2\/\">\t\t<div data-elementor-type=\"jet-listing-items\" data-elementor-id=\"13460\" class=\"elementor elementor-13460\" data-elementor-post-type=\"jet-engine\">\n\t\t\t\t<div class=\"elementor-element elementor-element-35bf081 e-flex e-con-boxed rt-parallax-bg-no wpr-particle-no wpr-jarallax-no wpr-parallax-no wpr-sticky-section-no e-con e-parent\" data-id=\"35bf081\" data-element_type=\"container\" data-e-type=\"container\">\n\t\t\t\t\t<div class=\"e-con-inner\">\n\t\t<div class=\"elementor-element elementor-element-1e5e12f e-con-full e-flex rt-parallax-bg-no wpr-particle-no wpr-jarallax-no wpr-parallax-no wpr-sticky-section-no e-con e-child\" data-id=\"1e5e12f\" data-element_type=\"container\" data-e-type=\"container\" data-settings=\"{&quot;background_background&quot;:&quot;classic&quot;}\">\n\t\t\t\t<div class=\"elementor-element elementor-element-2c1cf5f elementor-widget__width-initial elementor-widget elementor-widget-jet-listing-dynamic-terms\" data-id=\"2c1cf5f\" data-element_type=\"widget\" data-e-type=\"widget\" data-widget_type=\"jet-listing-dynamic-terms.default\">\n\t\t\t\t<div class=\"elementor-widget-container\">\n\t\t\t\t\t<div class=\"jet-listing jet-listing-dynamic-terms\"><span class=\"jet-listing-dynamic-terms__link\">Consultoria de Marketing<\/span><span class=\"jet-listing-dynamic-terms__link\">Copywriting<\/span><span class=\"jet-listing-dynamic-terms__link\">Redes Sociais<\/span><\/div>\t\t\t\t<\/div>\n\t\t\t\t<\/div>\n\t\t\t\t<\/div>\n\t\t\t\t<div class=\"elementor-element elementor-element-d2f5db7 elementor-widget elementor-widget-jet-listing-dynamic-field\" data-id=\"d2f5db7\" data-element_type=\"widget\" data-e-type=\"widget\" data-widget_type=\"jet-listing-dynamic-field.default\">\n\t\t\t\t\t<div class=\"jet-listing jet-listing-dynamic-field display-inline\"><div class=\"jet-listing-dynamic-field__inline-wrap\"><div class=\"jet-listing-dynamic-field__content\" >Caso de Estudo 2<\/div><\/div><\/div>\t\t\t\t<\/div>\n\t\t\t\t<div class=\"elementor-element elementor-element-8d7a905 elementor-widget elementor-widget-jet-listing-dynamic-field\" data-id=\"8d7a905\" data-element_type=\"widget\" data-e-type=\"widget\" data-widget_type=\"jet-listing-dynamic-field.default\">\n\t\t\t\t\t<div class=\"jet-listing jet-listing-dynamic-field display-inline\"><div class=\"jet-listing-dynamic-field__inline-wrap\"><i class=\"jet-listing-dynamic-field__icon  icon-rt-calendar\" aria-hidden=\"true\"><\/i><div class=\"jet-listing-dynamic-field__content\" >30 Mar, 2026<\/div><\/div><\/div>\t\t\t\t<\/div>\n\t\t\t\t\t<\/div>\n\t\t\t\t<\/div>\n\t\t\t\t<\/div>\n\t\t<a href=\"https:\/\/adamalmeida.com.br\/adv\/casos-de-estudo\/caso-de-estudo-2\/\" class=\"jet-engine-listing-overlay-link\"><\/a><\/div><\/div><div class=\"jet-listing-grid__item jet-listing-dynamic-post-13783\" data-post-id=\"13783\"  ><style type=\"text\/css\">.jet-listing-dynamic-post-13783 .elementor-element.elementor-element-1e5e12f:not(.elementor-motion-effects-element-type-background), .jet-listing-dynamic-post-13783 .elementor-element.elementor-element-1e5e12f > .elementor-motion-effects-container > .elementor-motion-effects-layer{background-image:url(\"https:\/\/adamalmeida.com.br\/adv\/wp-content\/uploads\/2025\/11\/project-18.jpg\");}<\/style><div class=\"jet-engine-listing-overlay-wrap\" data-url=\"https:\/\/adamalmeida.com.br\/adv\/casos-de-estudo\/caso-de-estudo-1\/\">\t\t<div data-elementor-type=\"jet-listing-items\" data-elementor-id=\"13460\" class=\"elementor elementor-13460\" data-elementor-post-type=\"jet-engine\">\n\t\t\t\t<div class=\"elementor-element elementor-element-35bf081 e-flex e-con-boxed rt-parallax-bg-no wpr-particle-no wpr-jarallax-no wpr-parallax-no wpr-sticky-section-no e-con e-parent\" data-id=\"35bf081\" data-element_type=\"container\" data-e-type=\"container\">\n\t\t\t\t\t<div class=\"e-con-inner\">\n\t\t<div class=\"elementor-element elementor-element-1e5e12f e-con-full e-flex rt-parallax-bg-no wpr-particle-no wpr-jarallax-no wpr-parallax-no wpr-sticky-section-no e-con e-child\" data-id=\"1e5e12f\" data-element_type=\"container\" data-e-type=\"container\" data-settings=\"{&quot;background_background&quot;:&quot;classic&quot;}\">\n\t\t\t\t<div class=\"elementor-element elementor-element-2c1cf5f elementor-widget__width-initial elementor-widget elementor-widget-jet-listing-dynamic-terms\" data-id=\"2c1cf5f\" data-element_type=\"widget\" data-e-type=\"widget\" data-widget_type=\"jet-listing-dynamic-terms.default\">\n\t\t\t\t<div class=\"elementor-widget-container\">\n\t\t\t\t\t<div class=\"jet-listing jet-listing-dynamic-terms\"><span class=\"jet-listing-dynamic-terms__link\">Automa\u00e7\u00f5es<\/span><span class=\"jet-listing-dynamic-terms__link\">Consultoria de Marketing<\/span><span class=\"jet-listing-dynamic-terms__link\">Forma\u00e7\u00f5es<\/span><\/div>\t\t\t\t<\/div>\n\t\t\t\t<\/div>\n\t\t\t\t<\/div>\n\t\t\t\t<div class=\"elementor-element elementor-element-d2f5db7 elementor-widget elementor-widget-jet-listing-dynamic-field\" data-id=\"d2f5db7\" data-element_type=\"widget\" data-e-type=\"widget\" data-widget_type=\"jet-listing-dynamic-field.default\">\n\t\t\t\t\t<div class=\"jet-listing jet-listing-dynamic-field display-inline\"><div class=\"jet-listing-dynamic-field__inline-wrap\"><div class=\"jet-listing-dynamic-field__content\" >Caso de Estudo 1<\/div><\/div><\/div>\t\t\t\t<\/div>\n\t\t\t\t<div class=\"elementor-element elementor-element-8d7a905 elementor-widget elementor-widget-jet-listing-dynamic-field\" data-id=\"8d7a905\" data-element_type=\"widget\" data-e-type=\"widget\" data-widget_type=\"jet-listing-dynamic-field.default\">\n\t\t\t\t\t<div class=\"jet-listing jet-listing-dynamic-field display-inline\"><div class=\"jet-listing-dynamic-field__inline-wrap\"><i class=\"jet-listing-dynamic-field__icon  icon-rt-calendar\" aria-hidden=\"true\"><\/i><div class=\"jet-listing-dynamic-field__content\" >24 Mar, 2026<\/div><\/div><\/div>\t\t\t\t<\/div>\n\t\t\t\t\t<\/div>\n\t\t\t\t<\/div>\n\t\t\t\t<\/div>\n\t\t<a href=\"https:\/\/adamalmeida.com.br\/adv\/casos-de-estudo\/caso-de-estudo-1\/\" class=\"jet-engine-listing-overlay-link\"><\/a><\/div><\/div><\/div><div class=\"jet-listing-grid__loader\"><div class=\"jet-listing-grid__loader-spinner\"><\/div><\/div><\/div>\t\t\t\t<\/div>\n\t\t\t\t<\/div>\n\t\t<div class=\"elementor-element elementor-element-01678c5 e-con-full e-flex rt-parallax-bg-no wpr-particle-no wpr-jarallax-no wpr-parallax-no wpr-sticky-section-no e-con e-child\" data-id=\"01678c5\" data-element_type=\"container\" data-e-type=\"container\">\n\t\t\t\t<div class=\"elementor-element elementor-element-860f9af elementor-widget__width-initial elementor-widget elementor-widget-jet-smart-filters-radio\" data-id=\"860f9af\" data-element_type=\"widget\" data-e-type=\"widget\" data-widget_type=\"jet-smart-filters-radio.default\">\n\t\t\t\t<div class=\"elementor-widget-container\">\n\t\t\t\t\t<div class=\"jet-smart-filters-radio jet-filter \" data-indexer-rule=\"show\" data-show-counter=\"\" data-change-counter=\"always\"><div class=\"jet-filter-label\">Solu\u00e7\u00f5es<\/div>\n<div class=\"jet-radio-list\" data-query-type=\"tax_query\" data-query-var=\"categorias-de-casos\" data-smart-filter=\"radio\" data-filter-id=\"13653\" data-apply-type=\"ajax\" data-content-provider=\"jet-engine\" data-additional-providers=\"\" data-query-id=\"grid-cases\" data-active-label=\"\" data-layout-options=\"{&quot;show_label&quot;:true,&quot;display_options&quot;:{&quot;show_items_label&quot;:false,&quot;show_decorator&quot;:false,&quot;filter_image_size&quot;:&quot;full&quot;,&quot;show_counter&quot;:false}}\" data-query-var-suffix=\"\" data-apply-on=\"value\"><form class=\"jet-radio-list-wrapper\"><fieldset><legend style=\"display:none;\">Solu\u00e7\u00f5es<\/legend><div class=\"jet-radio-list__row jet-filter-row\">\n\t\t<label class=\"jet-radio-list__item\" >\n\t\t<input\n\t\t\ttype=\"radio\"\n\t\t\tclass=\"jet-radio-list__input\"\n\t\t\tname=\"categorias-de-casos\"\n\t\t\tvalue=\"87\"\n\t\t\tdata-label=\"Automa\u00e7\u00f5es\"\n\t\t\t\t\t\taria-label=\"Automa\u00e7\u00f5es\"\n\t\t\t\t\t>\n\t\t<div class=\"jet-radio-list__button\">\n\t\t\t\t\t\t<span class=\"jet-radio-list__label\">Automa\u00e7\u00f5es<\/span>\n\t\t\t\t\t<\/div>\n\t<\/label>\n<\/div>\n<div class=\"jet-radio-list__row jet-filter-row\">\n\t\t<label class=\"jet-radio-list__item\" >\n\t\t<input\n\t\t\ttype=\"radio\"\n\t\t\tclass=\"jet-radio-list__input\"\n\t\t\tname=\"categorias-de-casos\"\n\t\t\tvalue=\"81\"\n\t\t\tdata-label=\"Consultoria de Marketing\"\n\t\t\t\t\t\taria-label=\"Consultoria de Marketing\"\n\t\t\t\t\t>\n\t\t<div class=\"jet-radio-list__button\">\n\t\t\t\t\t\t<span class=\"jet-radio-list__label\">Consultoria de Marketing<\/span>\n\t\t\t\t\t<\/div>\n\t<\/label>\n<\/div>\n<div class=\"jet-radio-list__row jet-filter-row\">\n\t\t<label class=\"jet-radio-list__item\" >\n\t\t<input\n\t\t\ttype=\"radio\"\n\t\t\tclass=\"jet-radio-list__input\"\n\t\t\tname=\"categorias-de-casos\"\n\t\t\tvalue=\"84\"\n\t\t\tdata-label=\"Copywriting\"\n\t\t\t\t\t\taria-label=\"Copywriting\"\n\t\t\t\t\t>\n\t\t<div class=\"jet-radio-list__button\">\n\t\t\t\t\t\t<span class=\"jet-radio-list__label\">Copywriting<\/span>\n\t\t\t\t\t<\/div>\n\t<\/label>\n<\/div>\n<div class=\"jet-radio-list__row jet-filter-row\">\n\t\t<label class=\"jet-radio-list__item\" >\n\t\t<input\n\t\t\ttype=\"radio\"\n\t\t\tclass=\"jet-radio-list__input\"\n\t\t\tname=\"categorias-de-casos\"\n\t\t\tvalue=\"88\"\n\t\t\tdata-label=\"Forma\u00e7\u00f5es\"\n\t\t\t\t\t\taria-label=\"Forma\u00e7\u00f5es\"\n\t\t\t\t\t>\n\t\t<div class=\"jet-radio-list__button\">\n\t\t\t\t\t\t<span class=\"jet-radio-list__label\">Forma\u00e7\u00f5es<\/span>\n\t\t\t\t\t<\/div>\n\t<\/label>\n<\/div>\n<div class=\"jet-radio-list__row jet-filter-row\">\n\t\t<label class=\"jet-radio-list__item\" >\n\t\t<input\n\t\t\ttype=\"radio\"\n\t\t\tclass=\"jet-radio-list__input\"\n\t\t\tname=\"categorias-de-casos\"\n\t\t\tvalue=\"82\"\n\t\t\tdata-label=\"Redes Sociais\"\n\t\t\t\t\t\taria-label=\"Redes Sociais\"\n\t\t\t\t\t>\n\t\t<div class=\"jet-radio-list__button\">\n\t\t\t\t\t\t<span class=\"jet-radio-list__label\">Redes Sociais<\/span>\n\t\t\t\t\t<\/div>\n\t<\/label>\n<\/div>\n<\/fieldset><\/form><\/div>\n<\/div>\t\t\t\t<\/div>\n\t\t\t\t<\/div>\n\t\t\t\t<\/div>\n\t\t\t\t<\/div>\n\t\t\t\t<\/div>\n\t\t","protected":false},"excerpt":{"rendered":"<p>Forma\u00e7\u00f5es Exousia Brand 21 mar, 2026 An\u00fancios OnlineAutoma\u00e7\u00f5esConsultoria de Marketing Emet Brand 21 mar, 2026 Consultoria de MarketingEmail MarketingRedes Sociais Yatser Brand 21 mar, 2026 Solu\u00e7\u00f5es Solu\u00e7\u00f5es An\u00fancios Online Automa\u00e7\u00f5es Consultoria de Marketing Copywriting Email Marketing Forma\u00e7\u00f5es Redes Sociais<\/p>\n","protected":false},"author":1,"featured_media":0,"parent":0,"menu_order":0,"comment_status":"closed","ping_status":"closed","template":"","meta":{"footnotes":""},"class_list":["post-13577","page","type-page","status-publish","hentry"],"yoast_head":"<!-- This site is optimized with the Yoast SEO Premium plugin v25.3.1 (Yoast SEO v27.2) - https:\/\/yoast.com\/product\/yoast-seo-premium-wordpress\/ -->\n<title>Casos de Estudo - PapelUP<\/title>\n<meta name=\"robots\" content=\"index, follow, max-snippet:-1, max-image-preview:large, max-video-preview:-1\" \/>\n<link rel=\"canonical\" href=\"https:\/\/adamalmeida.com.br\/adv\/portfolio\/\" \/>\n<meta property=\"og:locale\" content=\"pt_PT\" \/>\n<meta property=\"og:type\" content=\"article\" \/>\n<meta property=\"og:title\" content=\"Casos de Estudo\" \/>\n<meta property=\"og:description\" content=\"Forma\u00e7\u00f5es Exousia Brand 21 mar, 2026 An\u00fancios OnlineAutoma\u00e7\u00f5esConsultoria de Marketing Emet Brand 21 mar, 2026 Consultoria de MarketingEmail MarketingRedes Sociais Yatser Brand 21 mar, 2026 Solu\u00e7\u00f5es Solu\u00e7\u00f5es An\u00fancios Online Automa\u00e7\u00f5es Consultoria de Marketing Copywriting Email Marketing Forma\u00e7\u00f5es Redes Sociais\" \/>\n<meta property=\"og:url\" content=\"https:\/\/adamalmeida.com.br\/adv\/portfolio\/\" \/>\n<meta property=\"og:site_name\" content=\"PapelUP\" \/>\n<meta property=\"article:modified_time\" content=\"2026-03-30T16:01:34+00:00\" \/>\n<meta name=\"twitter:card\" content=\"summary_large_image\" \/>\n<meta name=\"twitter:label1\" content=\"Tempo estimado de leitura\" \/>\n\t<meta name=\"twitter:data1\" content=\"1 minuto\" \/>\n<script type=\"application\/ld+json\" class=\"yoast-schema-graph\">{\"@context\":\"https:\/\/schema.org\",\"@graph\":[{\"@type\":\"WebPage\",\"@id\":\"https:\/\/adamalmeida.com.br\/adv\/portfolio\/\",\"url\":\"https:\/\/adamalmeida.com.br\/adv\/portfolio\/\",\"name\":\"Casos de Estudo - PapelUP\",\"isPartOf\":{\"@id\":\"https:\/\/adamalmeida.com.br\/adv\/#website\"},\"datePublished\":\"2026-03-21T19:41:24+00:00\",\"dateModified\":\"2026-03-30T16:01:34+00:00\",\"breadcrumb\":{\"@id\":\"https:\/\/adamalmeida.com.br\/adv\/portfolio\/#breadcrumb\"},\"inLanguage\":\"pt-PT\",\"potentialAction\":[{\"@type\":\"ReadAction\",\"target\":[\"https:\/\/adamalmeida.com.br\/adv\/portfolio\/\"]}]},{\"@type\":\"BreadcrumbList\",\"@id\":\"https:\/\/adamalmeida.com.br\/adv\/portfolio\/#breadcrumb\",\"itemListElement\":[{\"@type\":\"ListItem\",\"position\":1,\"name\":\"In\u00edcio\",\"item\":\"https:\/\/adamalmeida.com.br\/adv\/\"},{\"@type\":\"ListItem\",\"position\":2,\"name\":\"Casos de Estudo\"}]},{\"@type\":\"WebSite\",\"@id\":\"https:\/\/adamalmeida.com.br\/adv\/#website\",\"url\":\"https:\/\/adamalmeida.com.br\/adv\/\",\"name\":\"PapelUP\",\"description\":\"\",\"publisher\":{\"@id\":\"https:\/\/adamalmeida.com.br\/adv\/#organization\"},\"potentialAction\":[{\"@type\":\"SearchAction\",\"target\":{\"@type\":\"EntryPoint\",\"urlTemplate\":\"https:\/\/adamalmeida.com.br\/adv\/?s={search_term_string}\"},\"query-input\":{\"@type\":\"PropertyValueSpecification\",\"valueRequired\":true,\"valueName\":\"search_term_string\"}}],\"inLanguage\":\"pt-PT\"},{\"@type\":\"Organization\",\"@id\":\"https:\/\/adamalmeida.com.br\/adv\/#organization\",\"name\":\"PapelUP\",\"url\":\"https:\/\/adamalmeida.com.br\/adv\/\",\"logo\":{\"@type\":\"ImageObject\",\"inLanguage\":\"pt-PT\",\"@id\":\"https:\/\/adamalmeida.com.br\/adv\/#\/schema\/logo\/image\/\",\"url\":\"https:\/\/adamalmeida.com.br\/adv\/wp-content\/uploads\/2026\/03\/PAPEL-UP-NOVO.svg\",\"contentUrl\":\"https:\/\/adamalmeida.com.br\/adv\/wp-content\/uploads\/2026\/03\/PAPEL-UP-NOVO.svg\",\"width\":75,\"height\":16,\"caption\":\"PapelUP\"},\"image\":{\"@id\":\"https:\/\/adamalmeida.com.br\/adv\/#\/schema\/logo\/image\/\"}}]}<\/script>\n<!-- \/ Yoast SEO Premium plugin. -->","yoast_head_json":{"title":"Casos de Estudo - PapelUP","robots":{"index":"index","follow":"follow","max-snippet":"max-snippet:-1","max-image-preview":"max-image-preview:large","max-video-preview":"max-video-preview:-1"},"canonical":"https:\/\/adamalmeida.com.br\/adv\/portfolio\/","og_locale":"pt_PT","og_type":"article","og_title":"Casos de Estudo","og_description":"Forma\u00e7\u00f5es Exousia Brand 21 mar, 2026 An\u00fancios OnlineAutoma\u00e7\u00f5esConsultoria de Marketing Emet Brand 21 mar, 2026 Consultoria de MarketingEmail MarketingRedes Sociais Yatser Brand 21 mar, 2026 Solu\u00e7\u00f5es Solu\u00e7\u00f5es An\u00fancios Online Automa\u00e7\u00f5es Consultoria de Marketing Copywriting Email Marketing Forma\u00e7\u00f5es Redes Sociais","og_url":"https:\/\/adamalmeida.com.br\/adv\/portfolio\/","og_site_name":"PapelUP","article_modified_time":"2026-03-30T16:01:34+00:00","twitter_card":"summary_large_image","twitter_misc":{"Tempo estimado de leitura":"1 minuto"},"schema":{"@context":"https:\/\/schema.org","@graph":[{"@type":"WebPage","@id":"https:\/\/adamalmeida.com.br\/adv\/portfolio\/","url":"https:\/\/adamalmeida.com.br\/adv\/portfolio\/","name":"Casos de Estudo - PapelUP","isPartOf":{"@id":"https:\/\/adamalmeida.com.br\/adv\/#website"},"datePublished":"2026-03-21T19:41:24+00:00","dateModified":"2026-03-30T16:01:34+00:00","breadcrumb":{"@id":"https:\/\/adamalmeida.com.br\/adv\/portfolio\/#breadcrumb"},"inLanguage":"pt-PT","potentialAction":[{"@type":"ReadAction","target":["https:\/\/adamalmeida.com.br\/adv\/portfolio\/"]}]},{"@type":"BreadcrumbList","@id":"https:\/\/adamalmeida.com.br\/adv\/portfolio\/#breadcrumb","itemListElement":[{"@type":"ListItem","position":1,"name":"In\u00edcio","item":"https:\/\/adamalmeida.com.br\/adv\/"},{"@type":"ListItem","position":2,"name":"Casos de Estudo"}]},{"@type":"WebSite","@id":"https:\/\/adamalmeida.com.br\/adv\/#website","url":"https:\/\/adamalmeida.com.br\/adv\/","name":"PapelUP","description":"","publisher":{"@id":"https:\/\/adamalmeida.com.br\/adv\/#organization"},"potentialAction":[{"@type":"SearchAction","target":{"@type":"EntryPoint","urlTemplate":"https:\/\/adamalmeida.com.br\/adv\/?s={search_term_string}"},"query-input":{"@type":"PropertyValueSpecification","valueRequired":true,"valueName":"search_term_string"}}],"inLanguage":"pt-PT"},{"@type":"Organization","@id":"https:\/\/adamalmeida.com.br\/adv\/#organization","name":"PapelUP","url":"https:\/\/adamalmeida.com.br\/adv\/","logo":{"@type":"ImageObject","inLanguage":"pt-PT","@id":"https:\/\/adamalmeida.com.br\/adv\/#\/schema\/logo\/image\/","url":"https:\/\/adamalmeida.com.br\/adv\/wp-content\/uploads\/2026\/03\/PAPEL-UP-NOVO.svg","contentUrl":"https:\/\/adamalmeida.com.br\/adv\/wp-content\/uploads\/2026\/03\/PAPEL-UP-NOVO.svg","width":75,"height":16,"caption":"PapelUP"},"image":{"@id":"https:\/\/adamalmeida.com.br\/adv\/#\/schema\/logo\/image\/"}}]}},"_links":{"self":[{"href":"https:\/\/adamalmeida.com.br\/adv\/wp-json\/wp\/v2\/pages\/13577","targetHints":{"allow":["GET"]}}],"collection":[{"href":"https:\/\/adamalmeida.com.br\/adv\/wp-json\/wp\/v2\/pages"}],"about":[{"href":"https:\/\/adamalmeida.com.br\/adv\/wp-json\/wp\/v2\/types\/page"}],"author":[{"embeddable":true,"href":"https:\/\/adamalmeida.com.br\/adv\/wp-json\/wp\/v2\/users\/1"}],"replies":[{"embeddable":true,"href":"https:\/\/adamalmeida.com.br\/adv\/wp-json\/wp\/v2\/comments?post=13577"}],"version-history":[{"count":43,"href":"https:\/\/adamalmeida.com.br\/adv\/wp-json\/wp\/v2\/pages\/13577\/revisions"}],"predecessor-version":[{"id":13778,"href":"https:\/\/adamalmeida.com.br\/adv\/wp-json\/wp\/v2\/pages\/13577\/revisions\/13778"}],"wp:attachment":[{"href":"https:\/\/adamalmeida.com.br\/adv\/wp-json\/wp\/v2\/media?parent=13577"}],"curies":[{"name":"wp","href":"https:\/\/api.w.org\/{rel}","templated":true}]}}