{"id":41,"date":"2025-09-11T10:16:29","date_gmt":"2025-09-11T10:16:29","guid":{"rendered":"https:\/\/adamalmeida.com.br\/adv\/?page_id=41"},"modified":"2026-03-27T08:08:27","modified_gmt":"2026-03-27T11:08:27","slug":"contact","status":"publish","type":"page","link":"https:\/\/adamalmeida.com.br\/adv\/contact\/","title":{"rendered":"Contacto"},"content":{"rendered":"\t\t<div data-elementor-type=\"wp-page\" data-elementor-id=\"41\" class=\"elementor elementor-41\" data-elementor-post-type=\"page\">\n\t\t\t\t<div class=\"elementor-element elementor-element-c79c110 e-flex e-con-boxed rt-parallax-bg-no wpr-particle-no wpr-jarallax-no wpr-parallax-no wpr-sticky-section-no e-con e-parent\" data-id=\"c79c110\" data-element_type=\"container\" data-e-type=\"container\">\n\t\t\t\t\t<div class=\"e-con-inner\">\n\t\t<div class=\"elementor-element elementor-element-7a1ae40 e-con-full e-flex rt-parallax-bg-no wpr-particle-no wpr-jarallax-no wpr-parallax-no wpr-sticky-section-no e-con e-child\" data-id=\"7a1ae40\" data-element_type=\"container\" data-e-type=\"container\">\n\t\t<div class=\"elementor-element elementor-element-29c1736 e-con-full e-flex rt-parallax-bg-no wpr-particle-no wpr-jarallax-no wpr-parallax-no wpr-sticky-section-no e-con e-child\" data-id=\"29c1736\" data-element_type=\"container\" data-e-type=\"container\">\n\t\t\t\t<div class=\"elementor-element elementor-element-44994f9 elementor-invisible elementor-widget elementor-widget-rt-title\" data-id=\"44994f9\" data-element_type=\"widget\" data-e-type=\"widget\" data-widget_type=\"rt-title.default\">\n\t\t\t\t<div class=\"elementor-widget-container\">\n\t\t\t\t\t<div class=\"section-title-wrapper\">\r\n\t<div class=\"title-inner-wrapper\">\r\n\t\t<!--Top Sub Title-->\r\n        \r\n\r\n\t\t<!--Main Title-->\r\n\t\t        <div class=\"wow-off fadeInUp\" data-wow-delay=\"400ms\" data-wow-duration=\"1200ms\">\r\n            <h2 class=\"main-title text-flip-anim title-gradient-animation no no middle \">\r\n            O seu marketing n\u00e3o tem estrat\u00e9gia ou est\u00e1 em modo improviso?            <\/h2>\r\n        <\/div>\r\n        \r\n        <!--Description-->\r\n                    <div class=\"description text-flip-anim wow-off fadeInUp\" data-wow-delay=\"600ms\" data-wow-duration=\"1200ms\"><p>Oferecemos o diagn\u00f3stico da sua empresa<\/p><\/div>\r\n        \r\n\t        <\/div>\r\n<\/div>\t\t\t\t<\/div>\n\t\t\t\t<\/div>\n\t\t\t\t<div class=\"elementor-element elementor-element-6b450d43 elementor-widget elementor-widget-heading\" data-id=\"6b450d43\" data-element_type=\"widget\" data-e-type=\"widget\" data-widget_type=\"heading.default\">\n\t\t\t\t\t<h4 class=\"elementor-heading-title elementor-size-default\">Informa\u00e7\u00f5es de Contacto<\/h4>\t\t\t\t<\/div>\n\t\t\t\t<div class=\"elementor-element elementor-element-7c9771ba elementor-align-start elementor-icon-list--layout-traditional elementor-list-item-link-full_width elementor-widget elementor-widget-icon-list\" data-id=\"7c9771ba\" data-element_type=\"widget\" data-e-type=\"widget\" data-widget_type=\"icon-list.default\">\n\t\t\t\t\t\t\t<ul class=\"elementor-icon-list-items\">\n\t\t\t\t\t\t\t<li class=\"elementor-icon-list-item\">\n\t\t\t\t\t\t\t\t\t\t\t<span class=\"elementor-icon-list-icon\">\n\t\t\t\t\t\t\t<svg xmlns=\"http:\/\/www.w3.org\/2000\/svg\" xmlns:xlink=\"http:\/\/www.w3.org\/1999\/xlink\" id=\"Capa_1\" x=\"0px\" y=\"0px\" viewBox=\"0 0 511.998 511.998\" style=\"enable-background:new 0 0 511.998 511.998;\" xml:space=\"preserve\"><g> <g> <path d=\"M418.43,390.551l-63.64-63.638c-8.499-8.499-19.8-13.18-31.82-13.18s-23.32,4.681-31.819,13.18 c-7.659,7.659-30.48,30.48-37.861,37.861c-10.313-1.131-36.569-7.226-68.205-38.861c-31.723-31.723-37.185-57.755-38.02-68.046 c8.163-8.163,31.024-31.024,38.02-38.02c8.5-8.5,13.181-19.8,13.181-31.82c0-12.02-4.681-23.321-13.181-31.82l-63.64-63.64 c-17.545-17.545-46.095-17.544-63.639,0L36.593,113.78c-0.003,0.003-0.005,0.005-0.007,0.008 c-0.003,0.003-0.005,0.005-0.008,0.007l-0.07,0.071c-21.219,21.219-34.074,49.377-36.195,79.287 C-1.803,222.98,6.877,252.7,24.755,276.84c30.351,40.983,62.883,78.905,96.691,112.713 c35.342,35.343,75.372,70.037,112.713,97.691c21.757,16.113,48.047,24.754,74.863,24.754c2.936,0,5.879-0.104,8.823-0.313 c29.91-2.121,58.067-14.976,79.271-36.18l0.086-0.086c0.003-0.003,0.005-0.005,0.007-0.008c0.002-0.002,0.005-0.005,0.008-0.007 l21.213-21.213c8.5-8.5,13.181-19.8,13.181-31.82C431.611,410.351,426.93,399.05,418.43,390.551z M79.019,113.781 c5.848-5.848,15.364-5.849,21.213,0l63.64,63.64c5.848,5.848,5.848,15.365,0,21.213l-10.606,10.606l-84.853-84.853L79.019,113.781 z M252.013,463.135c-36.189-26.801-75.025-60.467-109.354-94.796c-32.765-32.765-64.322-69.557-93.795-109.354 c-25.331-34.204-25.067-79.424-0.853-112.573c2.86,2.86,81.88,81.88,84.042,84.041l-10.607,10.607 c-2.388,2.388-3.9,5.512-4.292,8.867c-0.215,1.846-4.688,45.793,46.719,97.199c38.161,38.161,77.328,49.517,96.811,47.759 c3.497-0.316,6.772-1.849,9.255-4.333l10.606-10.606l84.044,84.043C331.449,488.204,286.222,488.47,252.013,463.135z M397.217,432.979l-10.606,10.606l-84.853-84.853l10.606-10.606c5.849-5.849,15.365-5.848,21.213,0l63.64,63.64 c2.833,2.833,4.394,6.6,4.394,10.606S400.05,430.146,397.217,432.979z\"><\/path> <\/g><\/g><g> <g> <path d=\"M437.424,74.574C389.334,26.484,325.298,0,257.112,0c-8.284,0-15,6.716-15,15s6.716,15,15,15 c60.173,0,116.675,23.364,159.099,65.787c42.423,42.424,65.787,98.926,65.787,159.099c0,8.284,6.716,15,15,15s15-6.716,15-15 C511.998,186.7,485.514,122.664,437.424,74.574z\"><\/path> <\/g><\/g><g> <g> <path d=\"M394.998,117c-36.779-36.778-85.747-57.032-137.886-57.032c-8.284,0-15,6.716-15,15s6.716,15,15,15 c44.125,0,85.561,17.134,116.673,48.246s48.246,72.547,48.246,116.672c0,8.284,6.716,15,15,15s15-6.716,15-15 C452.031,202.747,431.777,153.778,394.998,117z\"><\/path> <\/g><\/g><g> <g> <path d=\"M352.571,159.427c-25.498-25.498-59.399-39.541-95.459-39.541c-8.284,0-15,6.716-15,15s6.716,15,15,15 c28.047,0,54.414,10.922,74.246,30.754c19.832,19.832,30.754,46.199,30.754,74.246c0,8.284,6.716,15,15,15s15-6.716,15-15 C392.112,218.826,378.07,184.925,352.571,159.427z\"><\/path> <\/g><\/g><g><\/g><g><\/g><g><\/g><g><\/g><g><\/g><g><\/g><g><\/g><g><\/g><g><\/g><g><\/g><g><\/g><g><\/g><g><\/g><g><\/g><g><\/g><\/svg>\t\t\t\t\t\t<\/span>\n\t\t\t\t\t\t\t\t\t\t<span class=\"elementor-icon-list-text\">+911 169 702<\/span>\n\t\t\t\t\t\t\t\t\t<\/li>\n\t\t\t\t\t\t\t\t<li class=\"elementor-icon-list-item\">\n\t\t\t\t\t\t\t\t\t\t\t<span class=\"elementor-icon-list-icon\">\n\t\t\t\t\t\t\t<svg xmlns=\"http:\/\/www.w3.org\/2000\/svg\" xmlns:xlink=\"http:\/\/www.w3.org\/1999\/xlink\" id=\"Capa_1\" x=\"0px\" y=\"0px\" viewBox=\"0 0 512 512\" style=\"enable-background:new 0 0 512 512;\" xml:space=\"preserve\"><g> <g> <g> <path d=\"M464,64H48C21.49,64,0,85.49,0,112v64h32v-60.32l214.72,153.28c5.555,3.955,13.005,3.955,18.56,0L480,115.68V400 c0,8.837-7.163,16-16,16H64v32h400c26.51,0,48-21.49,48-48V112C512,85.49,490.51,64,464,64z M256,236.32L59.52,96h392.96 L256,236.32z\"><\/path> <rect y=\"416\" width=\"32\" height=\"32\"><\/rect> <rect y=\"336\" width=\"224\" height=\"32\"><\/rect> <rect x=\"256\" y=\"336\" width=\"32\" height=\"32\"><\/rect> <rect y=\"256\" width=\"32\" height=\"32\"><\/rect> <rect x=\"64\" y=\"256\" width=\"96\" height=\"32\"><\/rect> <\/g> <\/g><\/g><g><\/g><g><\/g><g><\/g><g><\/g><g><\/g><g><\/g><g><\/g><g><\/g><g><\/g><g><\/g><g><\/g><g><\/g><g><\/g><g><\/g><g><\/g><\/svg>\t\t\t\t\t\t<\/span>\n\t\t\t\t\t\t\t\t\t\t<span class=\"elementor-icon-list-text\">ola@papelup.pt<\/span>\n\t\t\t\t\t\t\t\t\t<\/li>\n\t\t\t\t\t\t\t\t<li class=\"elementor-icon-list-item\">\n\t\t\t\t\t\t\t\t\t\t\t<span class=\"elementor-icon-list-icon\">\n\t\t\t\t\t\t\t<svg xmlns=\"http:\/\/www.w3.org\/2000\/svg\" xmlns:xlink=\"http:\/\/www.w3.org\/1999\/xlink\" id=\"Capa_1\" x=\"0px\" y=\"0px\" viewBox=\"0 0 512 512\" style=\"enable-background:new 0 0 512 512;\" xml:space=\"preserve\"><g> <g> <path d=\"M219.031,90.353c-49.821,0-90.353,40.532-90.353,90.353s40.532,90.353,90.353,90.353s90.353-40.532,90.353-90.353 S268.851,90.353,219.031,90.353z M219.031,240.941c-33.214,0-60.235-27.022-60.235-60.235s27.022-60.235,60.235-60.235 s60.235,27.022,60.235,60.235S252.244,240.941,219.031,240.941z\"><\/path> <\/g><\/g><g> <g> <polygon points=\"370.748,376.471 370.748,346.353 340.631,346.353 340.631,376.471 310.513,376.471 310.513,406.588 340.631,406.588 340.631,436.706 370.748,436.706 370.748,406.588 400.866,406.588 400.866,376.471 \"><\/polygon> <\/g><\/g><g> <g> <path d=\"M378.608,273.255c15.506-27.35,23.613-58.089,23.613-90.06C402.221,82.181,320.044,0,219.036,0 C118.021,0,35.84,82.181,35.84,183.196c0,39.33,12.272,76.801,35.492,108.387l147.704,219.26l35.901-53.293 C276.904,490.915,314.688,512,355.689,512c66.427,0,120.471-54.043,120.471-120.471 C476.16,332.938,434.112,283.989,378.608,273.255z M240.119,425.64l-21.083,31.297L96.772,275.441l-0.154-0.314l-0.817-1.107 c-19.524-26.437-29.844-57.843-29.844-90.824c0-84.408,68.67-153.078,153.078-153.078c84.402,0,153.068,68.67,153.068,153.078 c0,31.994-9.712,62.505-28.116,88.435c-28.405,2.731-54.721,15.349-74.778,36.028c-21.92,22.597-33.991,52.383-33.991,83.871 C235.219,403.171,236.865,414.611,240.119,425.64z M355.689,481.882c-37.71,0-71.799-23.772-84.825-59.154 c-3.667-9.962-5.528-20.459-5.528-31.199c0-49.055,38.376-88.72,87.404-90.302c0.98-0.034,1.96-0.051,2.95-0.051 c49.821,0,90.353,40.532,90.353,90.353S405.51,481.882,355.689,481.882z\"><\/path> <\/g><\/g><g><\/g><g><\/g><g><\/g><g><\/g><g><\/g><g><\/g><g><\/g><g><\/g><g><\/g><g><\/g><g><\/g><g><\/g><g><\/g><g><\/g><g><\/g><\/svg>\t\t\t\t\t\t<\/span>\n\t\t\t\t\t\t\t\t\t\t<span class=\"elementor-icon-list-text\">3557 Derek Drive, Orlando, Florida<\/span>\n\t\t\t\t\t\t\t\t\t<\/li>\n\t\t\t\t\t\t<\/ul>\n\t\t\t\t\t\t<\/div>\n\t\t\t\t<\/div>\n\t\t<div class=\"elementor-element elementor-element-bac801c e-con-full e-flex rt-parallax-bg-no wpr-particle-no wpr-jarallax-no wpr-parallax-no wpr-sticky-section-no e-con e-child\" data-id=\"bac801c\" data-element_type=\"container\" data-e-type=\"container\">\n\t\t\t\t<div class=\"elementor-element elementor-element-f0d2a02 rt-contact-form fluent-form-widget-step-header-yes fluent-form-widget-step-progressbar-yes fluentform-widget-submit-button-custom elementor-widget elementor-widget-fluent-form-widget\" data-id=\"f0d2a02\" data-element_type=\"widget\" data-e-type=\"widget\" data-widget_type=\"fluent-form-widget.default\">\n\t\t\t\t<div class=\"elementor-widget-container\">\n\t\t\t\t\t\n            <div class=\"fluentform-widget-wrapper fluentform-widget-align-default\">\n\n                            <div class=\"fluentform-widget-heading\">\n                                        <h3 class=\"fluentform-widget-title\">\n                        Entre em contacto                    <\/h3>\n                                                        <\/div>\n            \n            <div class='fluentform ff-default fluentform_wrapper_15 ffs_default_wrap'><form data-form_id=\"15\" id=\"fluentform_15\" class=\"frm-fluent-form fluent_form_15 ff-el-form-top ff_form_instance_15_1 ff-form-loading ffs_default\" data-form_instance=\"ff_form_instance_15_1\" method=\"POST\" ><fieldset  style=\"border: none!important;margin: 0!important;padding: 0!important;background-color: transparent!important;box-shadow: none!important;outline: none!important; min-inline-size: 100%;\">\n                    <legend class=\"ff_screen_reader_title\" style=\"display: block; margin: 0!important;padding: 0!important;height: 0!important;text-indent: -999999px;width: 0!important;overflow:hidden;\">CONTATO R\u00c1PIDO<\/legend><input type='hidden' name='__fluent_form_embded_post_id' value='41' \/><input type=\"hidden\" id=\"_fluentform_15_fluentformnonce\" name=\"_fluentform_15_fluentformnonce\" value=\"1d61bcfea6\" \/><input type=\"hidden\" name=\"_wp_http_referer\" value=\"\/adv\/wp-json\/wp\/v2\/pages\/41\" \/><div data-name=\"ff_cn_id_1\"  class='ff-t-container ff-column-container ff_columns_total_2 '><div class='ff-t-cell ff-t-column-1' style='flex-basis: 50%;'><div data-type=\"name-element\" data-name=\"input_name\" class=\" ff-field_container ff-name-field-wrapper\" ><div class='ff-t-container'><div class='ff-t-cell '><div class='ff-el-group  ff-el-form-hide_label'><div class=\"ff-el-input--label ff-el-is-required asterisk-right\"><label for='ff_15_input_name_first_name_' id='label_ff_15_input_name_first_name_' >Nome<\/label><\/div><div class='ff-el-input--content'><input type=\"text\" name=\"input_name[first_name]\" id=\"ff_15_input_name_first_name_\" class=\"ff-el-form-control\" placeholder=\"Nome\" aria-invalid=\"false\" aria-required=true><\/div><\/div><\/div><\/div><\/div><\/div><div class='ff-t-cell ff-t-column-2' style='flex-basis: 50%;'><div class='ff-el-group ff-el-form-hide_label'><div class=\"ff-el-input--label ff-el-is-required asterisk-right\"><label for='ff_15_email' id='label_ff_15_email' aria-label=\"Email\">Email<\/label><\/div><div class='ff-el-input--content'><input type=\"email\" name=\"email\" id=\"ff_15_email\" class=\"ff-el-form-control\" placeholder=\"Seu melhor e-mail\" data-name=\"email\"  aria-invalid=\"false\" aria-required=true><\/div><\/div><\/div><\/div><div data-name=\"ff_cn_id_2\"  class='ff-t-container ff-column-container ff_columns_total_2 '><div class='ff-t-cell ff-t-column-1' style='flex-basis: 50%;'><div class='ff-el-group ff-el-form-hide_label'><div class=\"ff-el-input--label ff-el-is-required asterisk-right\"><label for='ff_15_input_phone' id='label_ff_15_input_phone' aria-label=\"Phone\/Mobile\">Phone\/Mobile<\/label><\/div><div class='ff-el-input--content'><input name=\"input_phone\" class=\"ff-el-form-control ff-el-phone\" type=\"tel\" placeholder=\"Telem\u00f3vel\" data-name=\"input_phone\" id=\"ff_15_input_phone\" inputmode=\"tel\"  aria-invalid='false' aria-required=true><\/div><\/div><\/div><div class='ff-t-cell ff-t-column-2' style='flex-basis: 50%;'><div class='ff-el-group ff-el-form-hide_label'><div class=\"ff-el-input--label asterisk-right\"><label for='ff_15_input_empresa' id='label_ff_15_input_empresa' aria-label=\"Entrada de texto\">Entrada de texto<\/label><\/div><div class='ff-el-input--content'><input type=\"text\" name=\"input_empresa\" class=\"ff-el-form-control\" placeholder=\"Empresa\" data-name=\"input_empresa\" id=\"ff_15_input_empresa\"  aria-invalid=\"false\" aria-required=false><\/div><\/div><\/div><\/div><div class='ff-el-group ff-el-form-hide_label'><div class=\"ff-el-input--label asterisk-right\"><label for='ff_15_input_website' id='label_ff_15_input_website' aria-label=\"Entrada de texto\">Entrada de texto<\/label><\/div><div class='ff-el-input--content'><input type=\"text\" name=\"input_website\" class=\"ff-el-form-control\" placeholder=\"Website atual\" data-name=\"input_website\" id=\"ff_15_input_website\"  aria-invalid=\"false\" aria-required=false><\/div><\/div><div class='ff-el-group ff-el-form-hide_label'><div class=\"ff-el-input--label ff-el-is-required asterisk-right\"><label for='ff_15_input_description' id='label_ff_15_input_description' aria-label=\"\u00c1rea de texto\">\u00c1rea de texto<\/label><\/div><div class='ff-el-input--content'><textarea aria-required=\"true\" aria-labelledby=\"label_ff_15_input_description\" name=\"input_description\" id=\"ff_15_input_description\" class=\"ff-el-form-control\" placeholder=\"Mensagem\" rows=\"3\" cols=\"2\" data-name=\"input_description\" ><\/textarea><\/div><\/div><div class='ff-el-group    ff-el-input--content'><div class='ff-el-form-check ff-el-tc'><label aria-label='Termos e Condi\u00e7\u00f5es: Li e concordo com os Termos e Condi\u00e7\u00f5es e com a Pol\u00edtica de Privacidade. Cont\u00e9m 2 link(s). Use a navega\u00e7\u00e3o por abas para consultar.' class='ff-el-form-check-label ff_tc_label' for=terms-n-condition_f00223d3ef19a0035a1cc29eb486d67e><span class='ff_tc_checkbox'><input type=\"checkbox\" name=\"terms-n-condition\" class=\"ff-el-form-check-input\" data-name=\"terms-n-condition\" id=\"terms-n-condition_f00223d3ef19a0035a1cc29eb486d67e\"  value='on' aria-invalid='false' aria-required=true><\/span> <div class='ff_t_c'><p>Li e concordo com os <a href=\"https:\/\/papelup.pt\/termos-e-condicoes\/\">Termos e Condi\u00e7\u00f5es<\/a> e com a <a href=\"https:\/\/papelup.pt\/politica-de-privaciadade\/\">Pol\u00edtica de Privacidade.<\/a><\/p><\/div><\/label><\/div><\/div><div class='ff-el-group ff-text-left ff_submit_btn_wrapper'><button type=\"submit\" class=\"ff-btn ff-btn-submit ff-btn-md ff_btn_style\"  aria-label=\"Entrar em Contato\">Entrar em Contato<\/button><\/div><\/fieldset><\/form><div id='fluentform_15_errors' class='ff-errors-in-stack ff_form_instance_15_1 ff-form-loading_errors ff_form_instance_15_1_errors'><\/div><\/div>            <script type=\"text\/javascript\">\n                window.fluent_form_ff_form_instance_15_1 = {\"id\":\"15\",\"settings\":{\"layout\":{\"labelPlacement\":\"top\",\"asteriskPlacement\":\"asterisk-right\",\"helpMessagePlacement\":\"with_label\",\"errorMessagePlacement\":\"inline\",\"cssClassName\":\"\"},\"restrictions\":{\"denyEmptySubmission\":{\"enabled\":false}}},\"form_instance\":\"ff_form_instance_15_1\",\"form_id_selector\":\"fluentform_15\",\"rules\":{\"input_name[first_name]\":{\"required\":{\"value\":true,\"message\":\"Este campo \\u00e9 obrigat\\u00f3rio\",\"global_message\":\"Este campo \\u00e9 obrigat\\u00f3rio\",\"global\":true}},\"input_name[middle_name]\":{\"required\":{\"value\":false,\"message\":\"Este campo \\u00e9 obrigat\\u00f3rio\",\"global_message\":\"Este campo \\u00e9 obrigat\\u00f3rio\",\"global\":true}},\"input_name[last_name]\":{\"required\":{\"value\":false,\"message\":\"Este campo \\u00e9 obrigat\\u00f3rio\",\"global_message\":\"Este campo \\u00e9 obrigat\\u00f3rio\",\"global\":true}},\"email\":{\"required\":{\"value\":true,\"message\":\"Este campo \\u00e9 obrigat\\u00f3rio\",\"global_message\":\"Este campo \\u00e9 obrigat\\u00f3rio\",\"global\":true},\"email\":{\"value\":true,\"message\":\"Este campo deve conter um endere\\u00e7o de e-mail v\\u00e1lido\",\"global_message\":\"Este campo deve conter um e-mail v\\u00e1lido\",\"global\":true}},\"input_phone\":{\"required\":{\"value\":true,\"global\":true,\"message\":\"Este campo \\u00e9 obrigat\\u00f3rio\",\"global_message\":\"Este campo \\u00e9 obrigat\\u00f3rio\"},\"valid_phone_number\":{\"value\":false,\"global\":true,\"message\":\"O n\\u00famero de telefone n\\u00e3o \\u00e9 v\\u00e1lido\",\"global_message\":\"O n\\u00famero de telefone n\\u00e3o \\u00e9 v\\u00e1lido\"}},\"input_empresa\":{\"required\":{\"value\":false,\"message\":\"Este campo \\u00e9 obrigat\\u00f3rio\",\"global_message\":\"Este campo \\u00e9 obrigat\\u00f3rio\",\"global\":true}},\"input_website\":{\"required\":{\"value\":false,\"message\":\"Este campo \\u00e9 obrigat\\u00f3rio\",\"global_message\":\"Este campo \\u00e9 obrigat\\u00f3rio\",\"global\":true}},\"input_description\":{\"required\":{\"value\":true,\"message\":\"Este campo \\u00e9 obrigat\\u00f3rio\",\"global_message\":\"Este campo \\u00e9 obrigat\\u00f3rio\",\"global\":true}},\"terms-n-condition\":{\"required\":{\"value\":true,\"message\":\"Este campo \\u00e9 obrigat\\u00f3rio\",\"global_message\":\"Este campo \\u00e9 obrigat\\u00f3rio\",\"global\":true}}},\"debounce_time\":300};\n                            <\/script>\n                        <\/div>\n\n            \t\t\t\t<\/div>\n\t\t\t\t<\/div>\n\t\t\t\t<\/div>\n\t\t\t\t<\/div>\n\t\t\t\t\t<\/div>\n\t\t\t\t<\/div>\n\t\t\t\t<\/div>\n\t\t","protected":false},"excerpt":{"rendered":"<p>O seu marketing n\u00e3o tem estrat\u00e9gia ou est\u00e1 em modo improviso? Oferecemos o diagn\u00f3stico da sua empresa Informa\u00e7\u00f5es de Contacto +911 169 702 ola@papelup.pt 3557 Derek Drive, Orlando, Florida Entre em contacto CONTATO R\u00c1PIDO NomeEmailPhone\/MobileEntrada de textoEntrada de texto\u00c1rea de texto Li e concordo com os Termos e Condi\u00e7\u00f5es e com a Pol\u00edtica de Privacidade. Entrar em Contato<\/p>\n","protected":false},"author":1,"featured_media":0,"parent":0,"menu_order":0,"comment_status":"closed","ping_status":"closed","template":"elementor_header_footer","meta":{"footnotes":""},"class_list":["post-41","page","type-page","status-publish","hentry"],"yoast_head":"<!-- This site is optimized with the Yoast SEO Premium plugin v25.3.1 (Yoast SEO v27.2) - https:\/\/yoast.com\/product\/yoast-seo-premium-wordpress\/ -->\n<title>Contacto - PapelUP<\/title>\n<meta name=\"robots\" content=\"index, follow, max-snippet:-1, max-image-preview:large, max-video-preview:-1\" \/>\n<link rel=\"canonical\" href=\"https:\/\/adamalmeida.com.br\/adv\/contact\/\" \/>\n<meta property=\"og:locale\" content=\"pt_PT\" \/>\n<meta property=\"og:type\" content=\"article\" \/>\n<meta property=\"og:title\" content=\"Contacto\" \/>\n<meta property=\"og:description\" content=\"O seu marketing n\u00e3o tem estrat\u00e9gia ou est\u00e1 em modo improviso? Oferecemos o diagn\u00f3stico da sua empresa Informa\u00e7\u00f5es de Contacto +911 169 702 ola@papelup.pt 3557 Derek Drive, Orlando, Florida Entre em contacto CONTATO R\u00c1PIDO NomeEmailPhone\/MobileEntrada de textoEntrada de texto\u00c1rea de texto Li e concordo com os Termos e Condi\u00e7\u00f5es e com a Pol\u00edtica de Privacidade. Entrar em Contato\" \/>\n<meta property=\"og:url\" content=\"https:\/\/adamalmeida.com.br\/adv\/contact\/\" \/>\n<meta property=\"og:site_name\" content=\"PapelUP\" \/>\n<meta property=\"article:modified_time\" content=\"2026-03-27T11:08:27+00:00\" \/>\n<meta name=\"twitter:card\" content=\"summary_large_image\" \/>\n<script type=\"application\/ld+json\" class=\"yoast-schema-graph\">{\"@context\":\"https:\/\/schema.org\",\"@graph\":[{\"@type\":\"WebPage\",\"@id\":\"https:\/\/adamalmeida.com.br\/adv\/contact\/\",\"url\":\"https:\/\/adamalmeida.com.br\/adv\/contact\/\",\"name\":\"Contacto - PapelUP\",\"isPartOf\":{\"@id\":\"https:\/\/adamalmeida.com.br\/adv\/#website\"},\"datePublished\":\"2025-09-11T10:16:29+00:00\",\"dateModified\":\"2026-03-27T11:08:27+00:00\",\"breadcrumb\":{\"@id\":\"https:\/\/adamalmeida.com.br\/adv\/contact\/#breadcrumb\"},\"inLanguage\":\"pt-PT\",\"potentialAction\":[{\"@type\":\"ReadAction\",\"target\":[\"https:\/\/adamalmeida.com.br\/adv\/contact\/\"]}]},{\"@type\":\"BreadcrumbList\",\"@id\":\"https:\/\/adamalmeida.com.br\/adv\/contact\/#breadcrumb\",\"itemListElement\":[{\"@type\":\"ListItem\",\"position\":1,\"name\":\"In\u00edcio\",\"item\":\"https:\/\/adamalmeida.com.br\/adv\/\"},{\"@type\":\"ListItem\",\"position\":2,\"name\":\"Contacto\"}]},{\"@type\":\"WebSite\",\"@id\":\"https:\/\/adamalmeida.com.br\/adv\/#website\",\"url\":\"https:\/\/adamalmeida.com.br\/adv\/\",\"name\":\"PapelUP\",\"description\":\"\",\"publisher\":{\"@id\":\"https:\/\/adamalmeida.com.br\/adv\/#organization\"},\"potentialAction\":[{\"@type\":\"SearchAction\",\"target\":{\"@type\":\"EntryPoint\",\"urlTemplate\":\"https:\/\/adamalmeida.com.br\/adv\/?s={search_term_string}\"},\"query-input\":{\"@type\":\"PropertyValueSpecification\",\"valueRequired\":true,\"valueName\":\"search_term_string\"}}],\"inLanguage\":\"pt-PT\"},{\"@type\":\"Organization\",\"@id\":\"https:\/\/adamalmeida.com.br\/adv\/#organization\",\"name\":\"PapelUP\",\"url\":\"https:\/\/adamalmeida.com.br\/adv\/\",\"logo\":{\"@type\":\"ImageObject\",\"inLanguage\":\"pt-PT\",\"@id\":\"https:\/\/adamalmeida.com.br\/adv\/#\/schema\/logo\/image\/\",\"url\":\"https:\/\/adamalmeida.com.br\/adv\/wp-content\/uploads\/2026\/03\/PAPEL-UP-NOVO.svg\",\"contentUrl\":\"https:\/\/adamalmeida.com.br\/adv\/wp-content\/uploads\/2026\/03\/PAPEL-UP-NOVO.svg\",\"width\":75,\"height\":16,\"caption\":\"PapelUP\"},\"image\":{\"@id\":\"https:\/\/adamalmeida.com.br\/adv\/#\/schema\/logo\/image\/\"}}]}<\/script>\n<!-- \/ Yoast SEO Premium plugin. -->","yoast_head_json":{"title":"Contacto - PapelUP","robots":{"index":"index","follow":"follow","max-snippet":"max-snippet:-1","max-image-preview":"max-image-preview:large","max-video-preview":"max-video-preview:-1"},"canonical":"https:\/\/adamalmeida.com.br\/adv\/contact\/","og_locale":"pt_PT","og_type":"article","og_title":"Contacto","og_description":"O seu marketing n\u00e3o tem estrat\u00e9gia ou est\u00e1 em modo improviso? Oferecemos o diagn\u00f3stico da sua empresa Informa\u00e7\u00f5es de Contacto +911 169 702 ola@papelup.pt 3557 Derek Drive, Orlando, Florida Entre em contacto CONTATO R\u00c1PIDO NomeEmailPhone\/MobileEntrada de textoEntrada de texto\u00c1rea de texto Li e concordo com os Termos e Condi\u00e7\u00f5es e com a Pol\u00edtica de Privacidade. Entrar em Contato","og_url":"https:\/\/adamalmeida.com.br\/adv\/contact\/","og_site_name":"PapelUP","article_modified_time":"2026-03-27T11:08:27+00:00","twitter_card":"summary_large_image","schema":{"@context":"https:\/\/schema.org","@graph":[{"@type":"WebPage","@id":"https:\/\/adamalmeida.com.br\/adv\/contact\/","url":"https:\/\/adamalmeida.com.br\/adv\/contact\/","name":"Contacto - PapelUP","isPartOf":{"@id":"https:\/\/adamalmeida.com.br\/adv\/#website"},"datePublished":"2025-09-11T10:16:29+00:00","dateModified":"2026-03-27T11:08:27+00:00","breadcrumb":{"@id":"https:\/\/adamalmeida.com.br\/adv\/contact\/#breadcrumb"},"inLanguage":"pt-PT","potentialAction":[{"@type":"ReadAction","target":["https:\/\/adamalmeida.com.br\/adv\/contact\/"]}]},{"@type":"BreadcrumbList","@id":"https:\/\/adamalmeida.com.br\/adv\/contact\/#breadcrumb","itemListElement":[{"@type":"ListItem","position":1,"name":"In\u00edcio","item":"https:\/\/adamalmeida.com.br\/adv\/"},{"@type":"ListItem","position":2,"name":"Contacto"}]},{"@type":"WebSite","@id":"https:\/\/adamalmeida.com.br\/adv\/#website","url":"https:\/\/adamalmeida.com.br\/adv\/","name":"PapelUP","description":"","publisher":{"@id":"https:\/\/adamalmeida.com.br\/adv\/#organization"},"potentialAction":[{"@type":"SearchAction","target":{"@type":"EntryPoint","urlTemplate":"https:\/\/adamalmeida.com.br\/adv\/?s={search_term_string}"},"query-input":{"@type":"PropertyValueSpecification","valueRequired":true,"valueName":"search_term_string"}}],"inLanguage":"pt-PT"},{"@type":"Organization","@id":"https:\/\/adamalmeida.com.br\/adv\/#organization","name":"PapelUP","url":"https:\/\/adamalmeida.com.br\/adv\/","logo":{"@type":"ImageObject","inLanguage":"pt-PT","@id":"https:\/\/adamalmeida.com.br\/adv\/#\/schema\/logo\/image\/","url":"https:\/\/adamalmeida.com.br\/adv\/wp-content\/uploads\/2026\/03\/PAPEL-UP-NOVO.svg","contentUrl":"https:\/\/adamalmeida.com.br\/adv\/wp-content\/uploads\/2026\/03\/PAPEL-UP-NOVO.svg","width":75,"height":16,"caption":"PapelUP"},"image":{"@id":"https:\/\/adamalmeida.com.br\/adv\/#\/schema\/logo\/image\/"}}]}},"_links":{"self":[{"href":"https:\/\/adamalmeida.com.br\/adv\/wp-json\/wp\/v2\/pages\/41","targetHints":{"allow":["GET"]}}],"collection":[{"href":"https:\/\/adamalmeida.com.br\/adv\/wp-json\/wp\/v2\/pages"}],"about":[{"href":"https:\/\/adamalmeida.com.br\/adv\/wp-json\/wp\/v2\/types\/page"}],"author":[{"embeddable":true,"href":"https:\/\/adamalmeida.com.br\/adv\/wp-json\/wp\/v2\/users\/1"}],"replies":[{"embeddable":true,"href":"https:\/\/adamalmeida.com.br\/adv\/wp-json\/wp\/v2\/comments?post=41"}],"version-history":[{"count":25,"href":"https:\/\/adamalmeida.com.br\/adv\/wp-json\/wp\/v2\/pages\/41\/revisions"}],"predecessor-version":[{"id":13895,"href":"https:\/\/adamalmeida.com.br\/adv\/wp-json\/wp\/v2\/pages\/41\/revisions\/13895"}],"wp:attachment":[{"href":"https:\/\/adamalmeida.com.br\/adv\/wp-json\/wp\/v2\/media?parent=41"}],"curies":[{"name":"wp","href":"https:\/\/api.w.org\/{rel}","templated":true}]}}